{"id":343,"date":"2020-11-04T15:18:42","date_gmt":"2020-11-04T14:18:42","guid":{"rendered":"https:\/\/www.twenty-campus.com\/?page_id=343"},"modified":"2024-04-12T14:36:56","modified_gmt":"2024-04-12T12:36:56","slug":"cookies","status":"publish","type":"page","link":"https:\/\/www.twenty-campus.com\/fr\/cookies\/","title":{"rendered":"Gestion des cookies"},"content":{"rendered":"<p><em><strong>Qu\u2019est ce qu\u2019un cookie ?<\/strong><\/em><\/p>\n<p>Lors de votre consultation du Site, des informations relatives \u00e0 votre navigation sur le Site \u00e0 partir de votre terminal (ordinateur, tablette, smartphone \u2026) sont susceptibles d\u2019\u00eatre enregistr\u00e9es dans des petits fichiers textes script\u00e9s appel\u00e9s \u00ab cookies \u00bb.<\/p>\n<p>A quoi servent les cookies ?<\/p>\n<p>Il existe 4 types de cookie qui permettent :<\/p>\n<p>\u2013 D\u2019acc\u00e9der \u00e0 certains services du Site comme cr\u00e9er votre compte\u2026. Ces cookies techniques sont absolument indispensables pour le bon fonctionnement de notre Site.<\/p>\n<p>-De m\u00e9moriser les informations que vous avez saisies afin de simplifier votre navigation et vos recherches. Ces cookies fonctionnels vous permettent d\u2019utiliser le Site de fa\u00e7on plus efficace.<\/p>\n<p>\u2013 D\u2019\u00e9tablir des statistiques sur les pages consult\u00e9es et\/ou les requ\u00eates effectu\u00e9es afin d\u2019optimiser la performance du Site et de vous proposer des services toujours appropri\u00e9s. Il s\u2019agit des cookies analytiques.<\/p>\n<p>\u2013 De collecter des informations sur vos habitudes de navigation dans le but de vous pr\u00e9senter des publicit\u00e9s adapt\u00e9es \u00e0 vos centres d\u2019int\u00e9r\u00eat. Ce sont les cookies publicitaires. Ils enregistrent votre visite sur notre Site, les pages que vous avez visit\u00e9es et les liens que vous avez suivis ainsi que votre navigation en dehors de notre site. Ils sont \u00e9galement utilis\u00e9s pour limiter le nombre de fois o\u00f9 vous voyez une publicit\u00e9 ainsi que pour mesurer l\u2019efficacit\u00e9 des campagnes publicitaires. Ils sont g\u00e9n\u00e9ralement plac\u00e9s par des tiers avec notre permission. Le refus de ce type de cookie n\u2019a pas d\u2019impact sur l\u2019utilisation de notre Site et n\u2019emp\u00eache pas l\u2019affichage de la publicit\u00e9 sur notre Site ou sur Internet de mani\u00e8re g\u00e9n\u00e9rale.<\/p>\n<p>&nbsp;<\/p>\n<p><em><strong>Comment accepter ou refuser les cookies ?<\/strong><\/em><\/p>\n<p>Vous pouvez \u00e0 tout moment activer ou d\u00e9sactiver les cookies en param\u00e9trant votre navigateur internet.<\/p>\n<p>Pour la gestion des cookies, la configuration de chaque navigateur est diff\u00e9rente. Elle est d\u00e9crite dans le menu d\u2019aide de votre navigateur. Voici les liens des principaux navigateurs pour vous aider \u00e0 modifier ces param\u00e8tres :<\/p>\n<ul>\n<li><a href=\"https:\/\/support.microsoft.com\/fr-fr\/help\/17442\/windows-internet-explorer-delete-manage-cookies\">Internet Explorer\u2122<\/a><\/li>\n<li><a href=\"https:\/\/support.apple.com\/fr-fr\/HT201265\">Safari\u2122<\/a><\/li>\n<li><a href=\"https:\/\/support.google.com\/chrome\/answer\/95647?hl=fr\">Chrome\u2122<\/a><\/li>\n<li><a href=\"https:\/\/support.mozilla.org\/fr\/kb\/cookies-informations-sites-enregistrent?redirectlocale=en-US&amp;redirectslug=Cookies\">Firefox\u2122<\/a><\/li>\n<li><a href=\"http:\/\/help.opera.com\/Windows\/10.20\/fr\/cookies.html\">Opera\u2122<\/a><\/li>\n<li><a href=\"https:\/\/privacy.microsoft.com\/fr-fr\/windows-10-microsoft-edge-and-privacy\">Edge\u2122<\/a><\/li>\n<\/ul>\n<p>&nbsp;<\/p>\n<p><em><strong>Cookie des r\u00e9seaux sociaux<\/strong><\/em><\/p>\n<p>Notre Site utilise des applications informatiques \u00e9manant de tiers, qui permettent \u00e0 l\u2019internaute de partager des contenus de notre Site avec d\u2019autres personnes ou de faire conna\u00eetre \u00e0 ces autres personnes son opinion concernant un contenu de notre Site. Tel est notamment le cas des boutons \u00ab Partager \u00bb, \u00ab J\u2019aime \u00bb, issus de r\u00e9seaux sociaux tels que Facebook, \u00ab Google+ \u00bb, \u00bbTwitter \u00bb, etc.<\/p>\n<p>Le r\u00e9seau social est susceptible de vous identifier gr\u00e2ce \u00e0 ce bouton, m\u00eame si vous ne l\u2019avez pas utilis\u00e9 lors de votre consultation de notre Site. Ce type de bouton applicatif peut permettre au r\u00e9seau social concern\u00e9 de suivre votre navigation sur notre site, du seul fait que votre compte au r\u00e9seau social \u00e9tait activ\u00e9 sur votre terminal (session ouverte) durant votre navigation sur notre Site.<\/p>\n<p>Nous n\u2019avons aucun contr\u00f4le sur le processus employ\u00e9 par les r\u00e9seaux sociaux pour collecter des informations relatives \u00e0 votre navigation sur notre site et associ\u00e9es aux donn\u00e9es personnelles dont ils disposent. Nous vous invitons \u00e0 consulter les politiques de protection de la vie priv\u00e9e de ces r\u00e9seaux sociaux afin de prendre connaissance des finalit\u00e9s d\u2019utilisation, notamment publicitaires, des informations de navigation qu\u2019ils peuvent recueillir gr\u00e2ce \u00e0 ces boutons applicatifs.<\/p>\n<p>Vous souhaitez avoir plus d\u2019informations sur les cookies ? Rendez-vous sur le site de la CNIL :\u00a0<a href=\"http:\/\/www.cnil.fr\/vos-droits\/vos-traces\/les-cookies\/\">http:\/\/www.cnil.fr\/vos-droits\/vos-traces\/les-cookies\/<\/a><\/p>\n","protected":false},"excerpt":{"rendered":"<p>Qu\u2019est ce qu\u2019un cookie ? Lors de votre consultation du Site, des informations relatives \u00e0 votre navigation sur le Site \u00e0 partir de votre terminal (ordinateur, tablette, smartphone \u2026) sont susceptibles d\u2019\u00eatre enregistr\u00e9es dans des petits fichiers textes script\u00e9s appel\u00e9s \u00ab cookies \u00bb. A quoi servent les cookies ? Il existe 4 types de cookie [&hellip;]<\/p>\n","protected":false},"author":18,"featured_media":0,"parent":0,"menu_order":0,"comment_status":"closed","ping_status":"closed","template":"","meta":{"_acf_changed":false,"footnotes":""},"class_list":["post-343","page","type-page","status-publish","hentry"],"acf":[],"yoast_head":"<!-- This site is optimized with the Yoast SEO plugin v26.9 - https:\/\/yoast.com\/product\/yoast-seo-wordpress\/ -->\n<title>Gestion des cookies - Twenty Campus<\/title>\n<meta name=\"description\" content=\"On vous parle des Cookies ici, m\u00eame si chez Twenty Campus on pr\u00e9f\u00e8re les manger... Pour plus amples informations contactez-nous\" \/>\n<meta name=\"robots\" content=\"index, follow, max-snippet:-1, max-image-preview:large, max-video-preview:-1\" \/>\n<link rel=\"canonical\" href=\"https:\/\/www.twenty-campus.com\/fr\/cookies\/\" \/>\n<meta property=\"og:locale\" content=\"fr_FR\" \/>\n<meta property=\"og:type\" content=\"article\" \/>\n<meta property=\"og:title\" content=\"Gestion des cookies - Twenty Campus\" \/>\n<meta property=\"og:description\" content=\"On vous parle des Cookies ici, m\u00eame si chez Twenty Campus on pr\u00e9f\u00e8re les manger... Pour plus amples informations contactez-nous\" \/>\n<meta property=\"og:url\" content=\"https:\/\/www.twenty-campus.com\/fr\/cookies\/\" \/>\n<meta property=\"og:site_name\" content=\"Twenty Campus\" \/>\n<meta property=\"article:modified_time\" content=\"2024-04-12T12:36:56+00:00\" \/>\n<meta name=\"twitter:card\" content=\"summary_large_image\" \/>\n<meta name=\"twitter:label1\" content=\"Dur\u00e9e de lecture estim\u00e9e\" \/>\n\t<meta name=\"twitter:data1\" content=\"3 minutes\" \/>\n<script type=\"application\/ld+json\" class=\"yoast-schema-graph\">{\"@context\":\"https:\/\/schema.org\",\"@graph\":[{\"@type\":\"WebPage\",\"@id\":\"https:\/\/www.twenty-campus.com\/fr\/cookies\/\",\"url\":\"https:\/\/www.twenty-campus.com\/fr\/cookies\/\",\"name\":\"Gestion des cookies - Twenty Campus\",\"isPartOf\":{\"@id\":\"https:\/\/www.twenty-campus.com\/fr\/#website\"},\"datePublished\":\"2020-11-04T14:18:42+00:00\",\"dateModified\":\"2024-04-12T12:36:56+00:00\",\"description\":\"On vous parle des Cookies ici, m\u00eame si chez Twenty Campus on pr\u00e9f\u00e8re les manger... Pour plus amples informations contactez-nous\",\"breadcrumb\":{\"@id\":\"https:\/\/www.twenty-campus.com\/fr\/cookies\/#breadcrumb\"},\"inLanguage\":\"fr-FR\",\"potentialAction\":[{\"@type\":\"ReadAction\",\"target\":[\"https:\/\/www.twenty-campus.com\/fr\/cookies\/\"]}]},{\"@type\":\"BreadcrumbList\",\"@id\":\"https:\/\/www.twenty-campus.com\/fr\/cookies\/#breadcrumb\",\"itemListElement\":[{\"@type\":\"ListItem\",\"position\":1,\"name\":\"Accueil\",\"item\":\"https:\/\/www.twenty-campus.com\/fr\/\"},{\"@type\":\"ListItem\",\"position\":2,\"name\":\"Gestion des cookies\"}]},{\"@type\":\"WebSite\",\"@id\":\"https:\/\/www.twenty-campus.com\/fr\/#website\",\"url\":\"https:\/\/www.twenty-campus.com\/fr\/\",\"name\":\"Twenty Campus\",\"description\":\"\",\"potentialAction\":[{\"@type\":\"SearchAction\",\"target\":{\"@type\":\"EntryPoint\",\"urlTemplate\":\"https:\/\/www.twenty-campus.com\/fr\/?s={search_term_string}\"},\"query-input\":{\"@type\":\"PropertyValueSpecification\",\"valueRequired\":true,\"valueName\":\"search_term_string\"}}],\"inLanguage\":\"fr-FR\"}]}<\/script>\n<!-- \/ Yoast SEO plugin. -->","yoast_head_json":{"title":"Gestion des cookies - Twenty Campus","description":"On vous parle des Cookies ici, m\u00eame si chez Twenty Campus on pr\u00e9f\u00e8re les manger... Pour plus amples informations contactez-nous","robots":{"index":"index","follow":"follow","max-snippet":"max-snippet:-1","max-image-preview":"max-image-preview:large","max-video-preview":"max-video-preview:-1"},"canonical":"https:\/\/www.twenty-campus.com\/fr\/cookies\/","og_locale":"fr_FR","og_type":"article","og_title":"Gestion des cookies - Twenty Campus","og_description":"On vous parle des Cookies ici, m\u00eame si chez Twenty Campus on pr\u00e9f\u00e8re les manger... Pour plus amples informations contactez-nous","og_url":"https:\/\/www.twenty-campus.com\/fr\/cookies\/","og_site_name":"Twenty Campus","article_modified_time":"2024-04-12T12:36:56+00:00","twitter_card":"summary_large_image","twitter_misc":{"Dur\u00e9e de lecture estim\u00e9e":"3 minutes"},"schema":{"@context":"https:\/\/schema.org","@graph":[{"@type":"WebPage","@id":"https:\/\/www.twenty-campus.com\/fr\/cookies\/","url":"https:\/\/www.twenty-campus.com\/fr\/cookies\/","name":"Gestion des cookies - Twenty Campus","isPartOf":{"@id":"https:\/\/www.twenty-campus.com\/fr\/#website"},"datePublished":"2020-11-04T14:18:42+00:00","dateModified":"2024-04-12T12:36:56+00:00","description":"On vous parle des Cookies ici, m\u00eame si chez Twenty Campus on pr\u00e9f\u00e8re les manger... Pour plus amples informations contactez-nous","breadcrumb":{"@id":"https:\/\/www.twenty-campus.com\/fr\/cookies\/#breadcrumb"},"inLanguage":"fr-FR","potentialAction":[{"@type":"ReadAction","target":["https:\/\/www.twenty-campus.com\/fr\/cookies\/"]}]},{"@type":"BreadcrumbList","@id":"https:\/\/www.twenty-campus.com\/fr\/cookies\/#breadcrumb","itemListElement":[{"@type":"ListItem","position":1,"name":"Accueil","item":"https:\/\/www.twenty-campus.com\/fr\/"},{"@type":"ListItem","position":2,"name":"Gestion des cookies"}]},{"@type":"WebSite","@id":"https:\/\/www.twenty-campus.com\/fr\/#website","url":"https:\/\/www.twenty-campus.com\/fr\/","name":"Twenty Campus","description":"","potentialAction":[{"@type":"SearchAction","target":{"@type":"EntryPoint","urlTemplate":"https:\/\/www.twenty-campus.com\/fr\/?s={search_term_string}"},"query-input":{"@type":"PropertyValueSpecification","valueRequired":true,"valueName":"search_term_string"}}],"inLanguage":"fr-FR"}]}},"_links":{"self":[{"href":"https:\/\/www.twenty-campus.com\/fr\/wp-json\/wp\/v2\/pages\/343","targetHints":{"allow":["GET"]}}],"collection":[{"href":"https:\/\/www.twenty-campus.com\/fr\/wp-json\/wp\/v2\/pages"}],"about":[{"href":"https:\/\/www.twenty-campus.com\/fr\/wp-json\/wp\/v2\/types\/page"}],"author":[{"embeddable":true,"href":"https:\/\/www.twenty-campus.com\/fr\/wp-json\/wp\/v2\/users\/18"}],"replies":[{"embeddable":true,"href":"https:\/\/www.twenty-campus.com\/fr\/wp-json\/wp\/v2\/comments?post=343"}],"version-history":[{"count":3,"href":"https:\/\/www.twenty-campus.com\/fr\/wp-json\/wp\/v2\/pages\/343\/revisions"}],"predecessor-version":[{"id":2024562,"href":"https:\/\/www.twenty-campus.com\/fr\/wp-json\/wp\/v2\/pages\/343\/revisions\/2024562"}],"wp:attachment":[{"href":"https:\/\/www.twenty-campus.com\/fr\/wp-json\/wp\/v2\/media?parent=343"}],"curies":[{"name":"wp","href":"https:\/\/api.w.org\/{rel}","templated":true}]}}