{"id":337,"date":"2020-11-04T15:18:16","date_gmt":"2020-11-04T14:18:16","guid":{"rendered":"https:\/\/www.twenty-campus.com\/?page_id=337"},"modified":"2026-02-06T17:30:47","modified_gmt":"2026-02-06T16:30:47","slug":"devenir-partenaire","status":"publish","type":"page","link":"https:\/\/www.twenty-campus.com\/fr\/devenir-partenaire\/","title":{"rendered":"Devenir partenaire Twenty Campus"},"content":{"rendered":"<h4><\/h4>\n<h4><\/h4>\n<h4 style=\"text-align: center;\"><em>Vous \u00eates une \u00e9cole, une association, une structure institutionnelle, une entreprise, <\/em><\/h4>\n<h4 style=\"text-align: center;\"><em>une start-up ? <\/em><em>En France ou \u00e0 l&#8217;\u00e9tranger ?\u00a0<\/em><\/h4>\n<p style=\"text-align: center;\">Ces informations sont faites pour vous ! ?<\/p>\n<p><span data-contrast=\"auto\"><br \/>\nTwenty Campus est un concept de r\u00e9sidences \u00e9tudiantes\u00a0con\u00e7u pour r\u00e9pondre aux nouveaux enjeux du logement des jeunes.\u00a0Gr\u00e2ce \u00e0 un parcours de location enti\u00e8rement digitalis\u00e9, \u00e0 des plateformes multilingues et \u00e0 une solution d\u00e9di\u00e9e aux \u00e9tudiants sans garant, nous facilitons l\u2019acc\u00e8s au logement pour les \u00e9tudiants fran\u00e7ais et internationaux.<\/span><span data-ccp-props=\"{&quot;134233117&quot;:false,&quot;134233118&quot;:false,&quot;335557856&quot;:16777215,&quot;335559738&quot;:0,&quot;335559739&quot;:240}\">\u00a0<\/span><\/p>\n<p><span data-contrast=\"auto\">Services inclus dans le loyer, logements meubl\u00e9s et \u00e9quip\u00e9s, s\u00e9curit\u00e9 renforc\u00e9e, localisation premium, animations r\u00e9guli\u00e8res et espaces communs conviviaux : Twenty Campus offre un cadre de vie complet, con\u00e7u pour accompagner le bien\u2011\u00eatre des \u00e9tudiants et soutenir leur r\u00e9ussite scolaire.<\/span><span data-ccp-props=\"{&quot;134233117&quot;:false,&quot;134233118&quot;:false,&quot;335557856&quot;:16777215,&quot;335559738&quot;:0,&quot;335559739&quot;:240}\">\u00a0<\/span><\/p>\n<p><b><span data-contrast=\"auto\">Pourquoi devenir partenaire Twenty Campus\u202f?<\/span><\/b><\/p>\n<p><b><span data-contrast=\"auto\">Un\u00a0levier d\u2019attractivit\u00e9 pour votre \u00e9tablissement<\/span><\/b><span data-ccp-props=\"{&quot;134233117&quot;:false,&quot;134233118&quot;:false,&quot;201341983&quot;:0,&quot;335551550&quot;:1,&quot;335551620&quot;:1,&quot;335559685&quot;:0,&quot;335559737&quot;:0,&quot;335559738&quot;:0,&quot;335559739&quot;:160,&quot;335559740&quot;:259}\">\u00a0<\/span><\/p>\n<p><span data-contrast=\"auto\">Rejoignez les \u00e9tablissements qui font le choix d\u2019un accompagnement logement pour leurs\u00a0\u00e9tudiants. Proposez-leur\u00a0un cadre de vie qualitatif qui contribue \u00e0 leur bien-\u00eatre, leur r\u00e9ussite acad\u00e9mique et \u00e0 l\u2019image de votre structure.<\/span><span data-ccp-props=\"{}\">\u00a0<\/span><\/p>\n<p><b><span data-contrast=\"auto\">Une solution logement cl\u00e9 en main<\/span><\/b><span data-ccp-props=\"{&quot;134233117&quot;:false,&quot;134233118&quot;:false,&quot;201341983&quot;:0,&quot;335551550&quot;:1,&quot;335551620&quot;:1,&quot;335559685&quot;:0,&quot;335559737&quot;:0,&quot;335559738&quot;:0,&quot;335559739&quot;:160,&quot;335559740&quot;:259}\">\u00a0<\/span><\/p>\n<p><span data-contrast=\"auto\">Vos \u00e9tudiants b\u00e9n\u00e9ficient d\u2019une solution de logement &#8220;pr\u00eat \u00e0 vivre\u201d, s\u00e9curis\u00e9e et adapt\u00e9e \u00e0 leurs besoins : proximit\u00e9 g\u00e9ographique, confort, services inclus, lien social.<\/span><span data-ccp-props=\"{}\">\u00a0<\/span><\/p>\n<p><b><span data-contrast=\"auto\">Un r\u00e9seau national<\/span><\/b><span data-ccp-props=\"{&quot;134233117&quot;:false,&quot;134233118&quot;:false,&quot;201341983&quot;:0,&quot;335551550&quot;:1,&quot;335551620&quot;:1,&quot;335559685&quot;:0,&quot;335559737&quot;:0,&quot;335559738&quot;:0,&quot;335559739&quot;:160,&quot;335559740&quot;:259}\">\u00a0<\/span><\/p>\n<p><span data-contrast=\"auto\">Avec Twenty campus, vous acc\u00e9dez \u00e0 un r\u00e9seau de plus de 70 r\u00e9sidences \u00e9tudiantes r\u00e9parties dans toute la France.<\/span><b><span data-contrast=\"auto\">\u00a0<\/span><\/b><span data-ccp-props=\"{&quot;134233117&quot;:false,&quot;134233118&quot;:false,&quot;201341983&quot;:0,&quot;335551550&quot;:1,&quot;335551620&quot;:1,&quot;335559685&quot;:0,&quot;335559737&quot;:0,&quot;335559738&quot;:0,&quot;335559739&quot;:160,&quot;335559740&quot;:259}\">\u00a0<\/span><\/p>\n<p><b><span data-contrast=\"auto\">Une offre adapt\u00e9e\u00a0\u00e0 tous les \u00e9tudiants<\/span><\/b><span data-ccp-props=\"{}\">\u00a0<\/span><\/p>\n<p><span data-contrast=\"auto\">Nos outils multilingues (site, application, espace client) et l&#8217;accompagnement d&#8217;un responsable\u00a0de r\u00e9sidence au quotidien facilitent l\u2019int\u00e9gration des \u00e9tudiants nationaux et internationaux.<\/span><span data-ccp-props=\"{}\">\u00a0<\/span><\/p>\n<p><b><span data-contrast=\"auto\">Un interlocuteur d\u00e9di\u00e9 \u00e0 votre \u00e9coute<\/span><\/b><\/p>\n<p><span data-contrast=\"auto\">Vous b\u00e9n\u00e9ficiez d\u2019un interlocuteur unique, r\u00e9actif et engag\u00e9 qui personnalise la convention de partenariat selon vos besoins (p<\/span><span data-contrast=\"auto\">riorisation, allotement, privatisation de logements&#8230;).<\/span><span data-ccp-props=\"{&quot;134233117&quot;:false,&quot;134233118&quot;:false,&quot;335551550&quot;:1,&quot;335551620&quot;:1,&quot;335557856&quot;:16777215,&quot;335559738&quot;:0,&quot;335559739&quot;:0}\">\u00a0<\/span><\/p>\n<p>Notre \u00e9quipe en charge du D\u00e9veloppement des partenariats \u00e9coles, vous proposera la solution la plus adapt\u00e9e \u00e0 votre structure et \u00e0 votre besoin.<\/p>\n<p><img decoding=\"async\" class=\"alignnone wp-image-3091\" src=\"https:\/\/www.twenty-campus.com\/wp-content\/uploads\/2021\/04\/CATHERINE-CORRAUX.jpg\" alt=\"\" width=\"183\" height=\"184\" srcset=\"https:\/\/www.twenty-campus.com\/wp-content\/uploads\/2021\/04\/CATHERINE-CORRAUX.jpg 267w, https:\/\/www.twenty-campus.com\/wp-content\/uploads\/2021\/04\/CATHERINE-CORRAUX-150x150.jpg 150w\" sizes=\"(max-width: 183px) 100vw, 183px\" \/>\u00a0 \u00a0 \u00a0 \u00a0 \u00a0 \u00a0 \u00a0 \u00a0 \u00a0 \u00a0 \u00a0 \u00a0 \u00a0 \u00a0 <img decoding=\"async\" class=\"alignnone wp-image-3642910\" src=\"https:\/\/www.twenty-campus.com\/wp-content\/uploads\/2025\/10\/Valentin-DESRUELLES-294x293px-300x300.png\" alt=\"\" width=\"170\" height=\"169\" srcset=\"https:\/\/www.twenty-campus.com\/wp-content\/uploads\/2025\/10\/Valentin-DESRUELLES-294x293px-300x300.png 300w, https:\/\/www.twenty-campus.com\/wp-content\/uploads\/2025\/10\/Valentin-DESRUELLES-294x293px-1024x1021.png 1024w, https:\/\/www.twenty-campus.com\/wp-content\/uploads\/2025\/10\/Valentin-DESRUELLES-294x293px-150x150.png 150w, https:\/\/www.twenty-campus.com\/wp-content\/uploads\/2025\/10\/Valentin-DESRUELLES-294x293px-768x765.png 768w, https:\/\/www.twenty-campus.com\/wp-content\/uploads\/2025\/10\/Valentin-DESRUELLES-294x293px.png 1225w\" sizes=\"(max-width: 170px) 100vw, 170px\" \/><\/p>\n<p><a href=\"https:\/\/www.linkedin.com\/in\/catherine-corraux-twentycampus\/\">Catherine CORRAUX<\/a>\u00a0 \u00a0 \u00a0 \u00a0 \u00a0 \u00a0 \u00a0 \u00a0 \u00a0 \u00a0 \u00a0 \u00a0 \u00a0 \u00a0 <a href=\"https:\/\/m365.eu.vadesecure.com\/safeproxy\/v4?f=nyPjJ8VO9foOvhnIerJGhlMSWx43R6Ez5JlBdns3nxX-1x81MktDDQoJ2tdTu47C&amp;i=0HFKfDsyf-NbDivQSsMV-DTz5gb0dhYp3_7fdheoR38MGqBtHP4fjkl2gcrCzep4P_oagsod_vPs6wm_Vy-xLQ&amp;k=YVbI&amp;r=95GPAHAFQHv2O9gJAGGQdKCDuCX7ZNXYN9nih00V89UkYlf3VjkwdBDUkGo7vlDt&amp;s=2174f8a42bf2880d944ac3485b065bfe90992c08da8d501039234870398d1f1e&amp;u=https%3A%2F%2Fwww.linkedin.com%2Fin%2Fvalentin-desruelles%2F\" target=\"_blank\" rel=\"noopener\">Valentin DESRUELLES<\/a><\/p>\n<p>Contactez-les par email sur : <a href=\"mailto:twentycampus-partenariats@sergic.com\"><strong>twentycampus-partenariats@sergic.com<\/strong><\/a> ou sur Linkedin (en cliquant sur leurs noms ci-dessus !).<\/p>\n<p>&nbsp;<\/p>\n<h5><em><strong>Vous n&#8217;\u00eates pas \u00e0 la recherche d&#8217;un partenariat logement, et souhaitez proposer un partenariat \u00e0 Twenty Campus ?\u00a0\u00a0<\/strong><\/em><\/h5>\n<p>Contactez le service innovation : mgloriant@sergic.com<\/p>\n","protected":false},"excerpt":{"rendered":"<p>Vous \u00eates une \u00e9cole, une association, une structure institutionnelle, une entreprise, une start-up ? En France ou \u00e0 l&#8217;\u00e9tranger ?\u00a0 Ces informations sont faites pour vous ! ? Twenty Campus est un concept de r\u00e9sidences \u00e9tudiantes\u00a0con\u00e7u pour r\u00e9pondre aux nouveaux enjeux du logement des jeunes.\u00a0Gr\u00e2ce \u00e0 un parcours de location enti\u00e8rement digitalis\u00e9, \u00e0 des plateformes [&hellip;]<\/p>\n","protected":false},"author":18,"featured_media":0,"parent":0,"menu_order":0,"comment_status":"closed","ping_status":"closed","template":"","meta":{"_acf_changed":false,"footnotes":""},"class_list":["post-337","page","type-page","status-publish","hentry"],"acf":[],"yoast_head":"<!-- This site is optimized with the Yoast SEO plugin v26.9 - https:\/\/yoast.com\/product\/yoast-seo-wordpress\/ -->\n<title>Devenir partenaire Twenty Campus - Twenty Campus<\/title>\n<meta name=\"description\" content=\"Lisez les mentions l\u00e9gales Twenty Campus juste par envie ou parce que vous avez perdu un pari...\" \/>\n<meta name=\"robots\" content=\"index, follow, max-snippet:-1, max-image-preview:large, max-video-preview:-1\" \/>\n<link rel=\"canonical\" href=\"https:\/\/www.twenty-campus.com\/fr\/devenir-partenaire\/\" \/>\n<meta property=\"og:locale\" content=\"fr_FR\" \/>\n<meta property=\"og:type\" content=\"article\" \/>\n<meta property=\"og:title\" content=\"Devenir partenaire Twenty Campus - Twenty Campus\" \/>\n<meta property=\"og:description\" content=\"Lisez les mentions l\u00e9gales Twenty Campus juste par envie ou parce que vous avez perdu un pari...\" \/>\n<meta property=\"og:url\" content=\"https:\/\/www.twenty-campus.com\/fr\/devenir-partenaire\/\" \/>\n<meta property=\"og:site_name\" content=\"Twenty Campus\" \/>\n<meta property=\"article:modified_time\" content=\"2026-02-06T16:30:47+00:00\" \/>\n<meta property=\"og:image\" content=\"https:\/\/www.twenty-campus.com\/wp-content\/uploads\/2021\/04\/CATHERINE-CORRAUX.jpg\" \/>\n<meta name=\"twitter:card\" content=\"summary_large_image\" \/>\n<meta name=\"twitter:label1\" content=\"Dur\u00e9e de lecture estim\u00e9e\" \/>\n\t<meta name=\"twitter:data1\" content=\"3 minutes\" \/>\n<script type=\"application\/ld+json\" class=\"yoast-schema-graph\">{\"@context\":\"https:\/\/schema.org\",\"@graph\":[{\"@type\":\"WebPage\",\"@id\":\"https:\/\/www.twenty-campus.com\/fr\/devenir-partenaire\/\",\"url\":\"https:\/\/www.twenty-campus.com\/fr\/devenir-partenaire\/\",\"name\":\"Devenir partenaire Twenty Campus - Twenty Campus\",\"isPartOf\":{\"@id\":\"https:\/\/www.twenty-campus.com\/fr\/#website\"},\"primaryImageOfPage\":{\"@id\":\"https:\/\/www.twenty-campus.com\/fr\/devenir-partenaire\/#primaryimage\"},\"image\":{\"@id\":\"https:\/\/www.twenty-campus.com\/fr\/devenir-partenaire\/#primaryimage\"},\"thumbnailUrl\":\"https:\/\/www.twenty-campus.com\/wp-content\/uploads\/2021\/04\/CATHERINE-CORRAUX.jpg\",\"datePublished\":\"2020-11-04T14:18:16+00:00\",\"dateModified\":\"2026-02-06T16:30:47+00:00\",\"description\":\"Lisez les mentions l\u00e9gales Twenty Campus juste par envie ou parce que vous avez perdu un pari...\",\"breadcrumb\":{\"@id\":\"https:\/\/www.twenty-campus.com\/fr\/devenir-partenaire\/#breadcrumb\"},\"inLanguage\":\"fr-FR\",\"potentialAction\":[{\"@type\":\"ReadAction\",\"target\":[\"https:\/\/www.twenty-campus.com\/fr\/devenir-partenaire\/\"]}]},{\"@type\":\"ImageObject\",\"inLanguage\":\"fr-FR\",\"@id\":\"https:\/\/www.twenty-campus.com\/fr\/devenir-partenaire\/#primaryimage\",\"url\":\"https:\/\/www.twenty-campus.com\/wp-content\/uploads\/2021\/04\/CATHERINE-CORRAUX.jpg\",\"contentUrl\":\"https:\/\/www.twenty-campus.com\/wp-content\/uploads\/2021\/04\/CATHERINE-CORRAUX.jpg\"},{\"@type\":\"BreadcrumbList\",\"@id\":\"https:\/\/www.twenty-campus.com\/fr\/devenir-partenaire\/#breadcrumb\",\"itemListElement\":[{\"@type\":\"ListItem\",\"position\":1,\"name\":\"Accueil\",\"item\":\"https:\/\/www.twenty-campus.com\/fr\/\"},{\"@type\":\"ListItem\",\"position\":2,\"name\":\"Devenir partenaire Twenty Campus\"}]},{\"@type\":\"WebSite\",\"@id\":\"https:\/\/www.twenty-campus.com\/fr\/#website\",\"url\":\"https:\/\/www.twenty-campus.com\/fr\/\",\"name\":\"Twenty Campus\",\"description\":\"\",\"potentialAction\":[{\"@type\":\"SearchAction\",\"target\":{\"@type\":\"EntryPoint\",\"urlTemplate\":\"https:\/\/www.twenty-campus.com\/fr\/?s={search_term_string}\"},\"query-input\":{\"@type\":\"PropertyValueSpecification\",\"valueRequired\":true,\"valueName\":\"search_term_string\"}}],\"inLanguage\":\"fr-FR\"}]}<\/script>\n<!-- \/ Yoast SEO plugin. -->","yoast_head_json":{"title":"Devenir partenaire Twenty Campus - Twenty Campus","description":"Lisez les mentions l\u00e9gales Twenty Campus juste par envie ou parce que vous avez perdu un pari...","robots":{"index":"index","follow":"follow","max-snippet":"max-snippet:-1","max-image-preview":"max-image-preview:large","max-video-preview":"max-video-preview:-1"},"canonical":"https:\/\/www.twenty-campus.com\/fr\/devenir-partenaire\/","og_locale":"fr_FR","og_type":"article","og_title":"Devenir partenaire Twenty Campus - Twenty Campus","og_description":"Lisez les mentions l\u00e9gales Twenty Campus juste par envie ou parce que vous avez perdu un pari...","og_url":"https:\/\/www.twenty-campus.com\/fr\/devenir-partenaire\/","og_site_name":"Twenty Campus","article_modified_time":"2026-02-06T16:30:47+00:00","og_image":[{"url":"https:\/\/www.twenty-campus.com\/wp-content\/uploads\/2021\/04\/CATHERINE-CORRAUX.jpg","type":"","width":"","height":""}],"twitter_card":"summary_large_image","twitter_misc":{"Dur\u00e9e de lecture estim\u00e9e":"3 minutes"},"schema":{"@context":"https:\/\/schema.org","@graph":[{"@type":"WebPage","@id":"https:\/\/www.twenty-campus.com\/fr\/devenir-partenaire\/","url":"https:\/\/www.twenty-campus.com\/fr\/devenir-partenaire\/","name":"Devenir partenaire Twenty Campus - Twenty Campus","isPartOf":{"@id":"https:\/\/www.twenty-campus.com\/fr\/#website"},"primaryImageOfPage":{"@id":"https:\/\/www.twenty-campus.com\/fr\/devenir-partenaire\/#primaryimage"},"image":{"@id":"https:\/\/www.twenty-campus.com\/fr\/devenir-partenaire\/#primaryimage"},"thumbnailUrl":"https:\/\/www.twenty-campus.com\/wp-content\/uploads\/2021\/04\/CATHERINE-CORRAUX.jpg","datePublished":"2020-11-04T14:18:16+00:00","dateModified":"2026-02-06T16:30:47+00:00","description":"Lisez les mentions l\u00e9gales Twenty Campus juste par envie ou parce que vous avez perdu un pari...","breadcrumb":{"@id":"https:\/\/www.twenty-campus.com\/fr\/devenir-partenaire\/#breadcrumb"},"inLanguage":"fr-FR","potentialAction":[{"@type":"ReadAction","target":["https:\/\/www.twenty-campus.com\/fr\/devenir-partenaire\/"]}]},{"@type":"ImageObject","inLanguage":"fr-FR","@id":"https:\/\/www.twenty-campus.com\/fr\/devenir-partenaire\/#primaryimage","url":"https:\/\/www.twenty-campus.com\/wp-content\/uploads\/2021\/04\/CATHERINE-CORRAUX.jpg","contentUrl":"https:\/\/www.twenty-campus.com\/wp-content\/uploads\/2021\/04\/CATHERINE-CORRAUX.jpg"},{"@type":"BreadcrumbList","@id":"https:\/\/www.twenty-campus.com\/fr\/devenir-partenaire\/#breadcrumb","itemListElement":[{"@type":"ListItem","position":1,"name":"Accueil","item":"https:\/\/www.twenty-campus.com\/fr\/"},{"@type":"ListItem","position":2,"name":"Devenir partenaire Twenty Campus"}]},{"@type":"WebSite","@id":"https:\/\/www.twenty-campus.com\/fr\/#website","url":"https:\/\/www.twenty-campus.com\/fr\/","name":"Twenty Campus","description":"","potentialAction":[{"@type":"SearchAction","target":{"@type":"EntryPoint","urlTemplate":"https:\/\/www.twenty-campus.com\/fr\/?s={search_term_string}"},"query-input":{"@type":"PropertyValueSpecification","valueRequired":true,"valueName":"search_term_string"}}],"inLanguage":"fr-FR"}]}},"_links":{"self":[{"href":"https:\/\/www.twenty-campus.com\/fr\/wp-json\/wp\/v2\/pages\/337","targetHints":{"allow":["GET"]}}],"collection":[{"href":"https:\/\/www.twenty-campus.com\/fr\/wp-json\/wp\/v2\/pages"}],"about":[{"href":"https:\/\/www.twenty-campus.com\/fr\/wp-json\/wp\/v2\/types\/page"}],"author":[{"embeddable":true,"href":"https:\/\/www.twenty-campus.com\/fr\/wp-json\/wp\/v2\/users\/18"}],"replies":[{"embeddable":true,"href":"https:\/\/www.twenty-campus.com\/fr\/wp-json\/wp\/v2\/comments?post=337"}],"version-history":[{"count":35,"href":"https:\/\/www.twenty-campus.com\/fr\/wp-json\/wp\/v2\/pages\/337\/revisions"}],"predecessor-version":[{"id":3940688,"href":"https:\/\/www.twenty-campus.com\/fr\/wp-json\/wp\/v2\/pages\/337\/revisions\/3940688"}],"wp:attachment":[{"href":"https:\/\/www.twenty-campus.com\/fr\/wp-json\/wp\/v2\/media?parent=337"}],"curies":[{"name":"wp","href":"https:\/\/api.w.org\/{rel}","templated":true}]}}